{"id":19818,"date":"2020-03-28T15:05:49","date_gmt":"2020-03-28T14:05:49","guid":{"rendered":"https:\/\/hairlab.pl\/?post_type=product&#038;p=19818"},"modified":"2022-06-14T10:30:05","modified_gmt":"2022-06-14T08:30:05","slug":"konsultacja-uzupelnianie-wlosow","status":"publish","type":"product","link":"https:\/\/hairlab.pl\/en\/produkt\/konsultacja-uzupelnianie-wlosow\/","title":{"rendered":"Videokonsultacja uzupe\u0142nianie w\u0142os\u00f3w"},"content":{"rendered":"[vc_row type=&#8221;in_container&#8221; full_screen_row_position=&#8221;middle&#8221; column_margin=&#8221;default&#8221; scene_position=&#8221;center&#8221; text_color=&#8221;dark&#8221; text_align=&#8221;left&#8221; overlay_strength=&#8221;0.3&#8243; shape_divider_position=&#8221;bottom&#8221; bg_image_animation=&#8221;none&#8221;][vc_column column_padding=&#8221;no-extra-padding&#8221; column_padding_position=&#8221;all&#8221; background_color_opacity=&#8221;1&#8243; background_hover_color_opacity=&#8221;1&#8243; column_link_target=&#8221;_self&#8221; column_shadow=&#8221;none&#8221; column_border_radius=&#8221;none&#8221; width=&#8221;1\/1&#8243; tablet_width_inherit=&#8221;default&#8221; tablet_text_alignment=&#8221;default&#8221; phone_text_alignment=&#8221;default&#8221; overlay_strength=&#8221;0.3&#8243; column_border_width=&#8221;none&#8221; column_border_style=&#8221;solid&#8221; bg_image_animation=&#8221;none&#8221;][vc_column_text]Zakup dotyczy rezerwacji terminu konsultacji uzupe\u0142niania w\u0142os\u00f3w realizowanej online. Konsultacja dost\u0119pna poprzez videokonferencj\u0119, telefonicznie. W przypadku podj\u0119cia decyzji o zakupie systemu konieczna jest fizyczna wizyta w celu zdj\u0119cia pomiar\u00f3w i indywidualnej projekcji systemu w\u0142os\u00f3w (wizyta bezp\u0142atna po odbytej konsultacji online i dobraniu rozwi\u0105zania).<\/p>\n<p><strong>Przed zakupem nale\u017cy skontaktowa\u0107 si\u0119 telefonicznie z Klinik\u0105 pod nr tel\u00a0 <a href=\"tel:226485090\">(22) 648 50 90<\/a>\u00a0i POTWIERDZI\u0106 DOST\u0118PNO\u015a\u0106 TERMINU.<\/strong><\/p>\n<p><strong>Czas trwania konsultacji: 30-60 minut<\/strong>[\/vc_column_text][\/vc_column][\/vc_row]\n","protected":false},"excerpt":{"rendered":"<p><strong>Przed zakupem nale\u017cy skontaktowa\u0107 si\u0119 telefonicznie z Klinik\u0105 pod nr tel\u00a0 <a href=\"tel:226485090\">(22) 648 50 90<\/a>\u00a0i POTWIERDZI\u0106 DOST\u0118PNO\u015a\u0106 TERMINU.<\/strong><\/p>\n","protected":false},"featured_media":19825,"template":"","meta":{"_bbp_topic_count":0,"_bbp_reply_count":0,"_bbp_total_topic_count":0,"_bbp_total_reply_count":0,"_bbp_voice_count":0,"_bbp_anonymous_reply_count":0,"_bbp_topic_count_hidden":0,"_bbp_reply_count_hidden":0,"_bbp_forum_subforum_count":0},"product_brand":[],"product_cat":[343],"product_tag":[350,353,352,351],"class_list":{"0":"post-19818","1":"product","2":"type-product","3":"status-publish","4":"has-post-thumbnail","6":"product_cat-konsultacje","7":"product_tag-konsultacja","8":"product_tag-niechirurgiczne-uzupelnianie-wlosow","9":"product_tag-systemy-uzupelniania-wlosow","10":"product_tag-uzupelnianie-wlosow","12":"first","13":"instock","14":"virtual","15":"purchasable","16":"product-type-simple"},"yoast_head":"<!-- This site is optimized with the Yoast SEO plugin v25.7 - https:\/\/yoast.com\/wordpress\/plugins\/seo\/ -->\n<title>Videokonsultacja uzupe\u0142nianie w\u0142os\u00f3w - Klinika W\u0142os\u00f3w Hair LAB<\/title>\n<meta name=\"robots\" content=\"index, follow, max-snippet:-1, max-image-preview:large, max-video-preview:-1\" \/>\n<link rel=\"canonical\" href=\"https:\/\/hairlab.pl\/produkt\/konsultacja-uzupelnianie-wlosow\/\" \/>\n<meta property=\"og:locale\" content=\"en_US\" \/>\n<meta property=\"og:type\" content=\"article\" \/>\n<meta property=\"og:title\" content=\"Videokonsultacja uzupe\u0142nianie w\u0142os\u00f3w - Klinika W\u0142os\u00f3w Hair LAB\" \/>\n<meta property=\"og:description\" content=\"Przed zakupem nale\u017cy skontaktowa\u0107 si\u0119 telefonicznie z Klinik\u0105 pod nr tel\u00a0 (22) 648 50 90\u00a0i POTWIERDZI\u0106 DOST\u0118PNO\u015a\u0106 TERMINU.\" \/>\n<meta property=\"og:url\" content=\"https:\/\/hairlab.pl\/produkt\/konsultacja-uzupelnianie-wlosow\/\" \/>\n<meta property=\"og:site_name\" content=\"Klinika W\u0142os\u00f3w Hair LAB\" \/>\n<meta property=\"article:modified_time\" content=\"2022-06-14T08:30:05+00:00\" \/>\n<meta property=\"og:image\" content=\"https:\/\/hairlab.pl\/wp-content\/uploads\/2020\/03\/konsultacja-system-wlosow-1.jpg\" \/>\n\t<meta property=\"og:image:width\" content=\"600\" \/>\n\t<meta property=\"og:image:height\" content=\"600\" \/>\n\t<meta property=\"og:image:type\" content=\"image\/jpeg\" \/>\n<meta name=\"twitter:label1\" content=\"Est. reading time\" \/>\n\t<meta name=\"twitter:data1\" content=\"1 minute\" \/>\n<script type=\"application\/ld+json\" class=\"yoast-schema-graph\">{\"@context\":\"https:\/\/schema.org\",\"@graph\":[{\"@type\":\"WebPage\",\"@id\":\"https:\/\/hairlab.pl\/produkt\/konsultacja-uzupelnianie-wlosow\/\",\"url\":\"https:\/\/hairlab.pl\/produkt\/konsultacja-uzupelnianie-wlosow\/\",\"name\":\"Videokonsultacja uzupe\u0142nianie w\u0142os\u00f3w - Klinika W\u0142os\u00f3w Hair LAB\",\"isPartOf\":{\"@id\":\"https:\/\/hairlab.pl\/#website\"},\"primaryImageOfPage\":{\"@id\":\"https:\/\/hairlab.pl\/produkt\/konsultacja-uzupelnianie-wlosow\/#primaryimage\"},\"image\":{\"@id\":\"https:\/\/hairlab.pl\/produkt\/konsultacja-uzupelnianie-wlosow\/#primaryimage\"},\"thumbnailUrl\":\"https:\/\/hairlab.pl\/wp-content\/uploads\/2020\/03\/konsultacja-system-wlosow-1.jpg\",\"datePublished\":\"2020-03-28T14:05:49+00:00\",\"dateModified\":\"2022-06-14T08:30:05+00:00\",\"breadcrumb\":{\"@id\":\"https:\/\/hairlab.pl\/produkt\/konsultacja-uzupelnianie-wlosow\/#breadcrumb\"},\"inLanguage\":\"en-US\",\"potentialAction\":[{\"@type\":\"ReadAction\",\"target\":[\"https:\/\/hairlab.pl\/produkt\/konsultacja-uzupelnianie-wlosow\/\"]}]},{\"@type\":\"ImageObject\",\"inLanguage\":\"en-US\",\"@id\":\"https:\/\/hairlab.pl\/produkt\/konsultacja-uzupelnianie-wlosow\/#primaryimage\",\"url\":\"https:\/\/hairlab.pl\/wp-content\/uploads\/2020\/03\/konsultacja-system-wlosow-1.jpg\",\"contentUrl\":\"https:\/\/hairlab.pl\/wp-content\/uploads\/2020\/03\/konsultacja-system-wlosow-1.jpg\",\"width\":600,\"height\":600,\"caption\":\"konsultacja-system-wlosow\"},{\"@type\":\"BreadcrumbList\",\"@id\":\"https:\/\/hairlab.pl\/produkt\/konsultacja-uzupelnianie-wlosow\/#breadcrumb\",\"itemListElement\":[{\"@type\":\"ListItem\",\"position\":1,\"name\":\"Sklep\",\"item\":\"https:\/\/hairlab.pl\/sklep\/\"},{\"@type\":\"ListItem\",\"position\":2,\"name\":\"Videokonsultacja uzupe\u0142nianie w\u0142os\u00f3w\"}]},{\"@type\":\"WebSite\",\"@id\":\"https:\/\/hairlab.pl\/#website\",\"url\":\"https:\/\/hairlab.pl\/\",\"name\":\"Klinika W\u0142os\u00f3w Hair LAB\",\"description\":\"Klinika W\u0142os\u00f3w Hair LAB oferuje kompleksowe us\u0142ugi w walce z wypadaniem w\u0142os\u00f3w i \u0142ysieniem. Zajmujemy si\u0119 m.in. uzupe\u0142nianiem w\u0142os\u00f3w, leczeniem i poradami\",\"potentialAction\":[{\"@type\":\"SearchAction\",\"target\":{\"@type\":\"EntryPoint\",\"urlTemplate\":\"https:\/\/hairlab.pl\/?s={search_term_string}\"},\"query-input\":{\"@type\":\"PropertyValueSpecification\",\"valueRequired\":true,\"valueName\":\"search_term_string\"}}],\"inLanguage\":\"en-US\"}]}<\/script>\n<!-- \/ Yoast SEO plugin. -->","yoast_head_json":{"title":"Videokonsultacja uzupe\u0142nianie w\u0142os\u00f3w - Klinika W\u0142os\u00f3w Hair LAB","robots":{"index":"index","follow":"follow","max-snippet":"max-snippet:-1","max-image-preview":"max-image-preview:large","max-video-preview":"max-video-preview:-1"},"canonical":"https:\/\/hairlab.pl\/produkt\/konsultacja-uzupelnianie-wlosow\/","og_locale":"en_US","og_type":"article","og_title":"Videokonsultacja uzupe\u0142nianie w\u0142os\u00f3w - Klinika W\u0142os\u00f3w Hair LAB","og_description":"Przed zakupem nale\u017cy skontaktowa\u0107 si\u0119 telefonicznie z Klinik\u0105 pod nr tel\u00a0 (22) 648 50 90\u00a0i POTWIERDZI\u0106 DOST\u0118PNO\u015a\u0106 TERMINU.","og_url":"https:\/\/hairlab.pl\/produkt\/konsultacja-uzupelnianie-wlosow\/","og_site_name":"Klinika W\u0142os\u00f3w Hair LAB","article_modified_time":"2022-06-14T08:30:05+00:00","og_image":[{"width":600,"height":600,"url":"https:\/\/hairlab.pl\/wp-content\/uploads\/2020\/03\/konsultacja-system-wlosow-1.jpg","type":"image\/jpeg"}],"twitter_misc":{"Est. reading time":"1 minute"},"schema":{"@context":"https:\/\/schema.org","@graph":[{"@type":"WebPage","@id":"https:\/\/hairlab.pl\/produkt\/konsultacja-uzupelnianie-wlosow\/","url":"https:\/\/hairlab.pl\/produkt\/konsultacja-uzupelnianie-wlosow\/","name":"Videokonsultacja uzupe\u0142nianie w\u0142os\u00f3w - Klinika W\u0142os\u00f3w Hair LAB","isPartOf":{"@id":"https:\/\/hairlab.pl\/#website"},"primaryImageOfPage":{"@id":"https:\/\/hairlab.pl\/produkt\/konsultacja-uzupelnianie-wlosow\/#primaryimage"},"image":{"@id":"https:\/\/hairlab.pl\/produkt\/konsultacja-uzupelnianie-wlosow\/#primaryimage"},"thumbnailUrl":"https:\/\/hairlab.pl\/wp-content\/uploads\/2020\/03\/konsultacja-system-wlosow-1.jpg","datePublished":"2020-03-28T14:05:49+00:00","dateModified":"2022-06-14T08:30:05+00:00","breadcrumb":{"@id":"https:\/\/hairlab.pl\/produkt\/konsultacja-uzupelnianie-wlosow\/#breadcrumb"},"inLanguage":"en-US","potentialAction":[{"@type":"ReadAction","target":["https:\/\/hairlab.pl\/produkt\/konsultacja-uzupelnianie-wlosow\/"]}]},{"@type":"ImageObject","inLanguage":"en-US","@id":"https:\/\/hairlab.pl\/produkt\/konsultacja-uzupelnianie-wlosow\/#primaryimage","url":"https:\/\/hairlab.pl\/wp-content\/uploads\/2020\/03\/konsultacja-system-wlosow-1.jpg","contentUrl":"https:\/\/hairlab.pl\/wp-content\/uploads\/2020\/03\/konsultacja-system-wlosow-1.jpg","width":600,"height":600,"caption":"konsultacja-system-wlosow"},{"@type":"BreadcrumbList","@id":"https:\/\/hairlab.pl\/produkt\/konsultacja-uzupelnianie-wlosow\/#breadcrumb","itemListElement":[{"@type":"ListItem","position":1,"name":"Sklep","item":"https:\/\/hairlab.pl\/sklep\/"},{"@type":"ListItem","position":2,"name":"Videokonsultacja uzupe\u0142nianie w\u0142os\u00f3w"}]},{"@type":"WebSite","@id":"https:\/\/hairlab.pl\/#website","url":"https:\/\/hairlab.pl\/","name":"Klinika W\u0142os\u00f3w Hair LAB","description":"Klinika W\u0142os\u00f3w Hair LAB oferuje kompleksowe us\u0142ugi w walce z wypadaniem w\u0142os\u00f3w i \u0142ysieniem. Zajmujemy si\u0119 m.in. uzupe\u0142nianiem w\u0142os\u00f3w, leczeniem i poradami","potentialAction":[{"@type":"SearchAction","target":{"@type":"EntryPoint","urlTemplate":"https:\/\/hairlab.pl\/?s={search_term_string}"},"query-input":{"@type":"PropertyValueSpecification","valueRequired":true,"valueName":"search_term_string"}}],"inLanguage":"en-US"}]}},"_links":{"self":[{"href":"https:\/\/hairlab.pl\/en\/wp-json\/wp\/v2\/product\/19818","targetHints":{"allow":["GET"]}}],"collection":[{"href":"https:\/\/hairlab.pl\/en\/wp-json\/wp\/v2\/product"}],"about":[{"href":"https:\/\/hairlab.pl\/en\/wp-json\/wp\/v2\/types\/product"}],"wp:featuredmedia":[{"embeddable":true,"href":"https:\/\/hairlab.pl\/en\/wp-json\/wp\/v2\/media\/19825"}],"wp:attachment":[{"href":"https:\/\/hairlab.pl\/en\/wp-json\/wp\/v2\/media?parent=19818"}],"wp:term":[{"taxonomy":"product_brand","embeddable":true,"href":"https:\/\/hairlab.pl\/en\/wp-json\/wp\/v2\/product_brand?post=19818"},{"taxonomy":"product_cat","embeddable":true,"href":"https:\/\/hairlab.pl\/en\/wp-json\/wp\/v2\/product_cat?post=19818"},{"taxonomy":"product_tag","embeddable":true,"href":"https:\/\/hairlab.pl\/en\/wp-json\/wp\/v2\/product_tag?post=19818"}],"curies":[{"name":"wp","href":"https:\/\/api.w.org\/{rel}","templated":true}]}}