{"id":19779,"date":"2020-03-23T01:28:16","date_gmt":"2020-03-23T00:28:16","guid":{"rendered":"https:\/\/hairlab.pl\/?post_type=product&#038;p=19779"},"modified":"2022-09-30T22:25:13","modified_gmt":"2022-09-30T20:25:13","slug":"konsultacja-psychologiczna","status":"publish","type":"product","link":"https:\/\/hairlab.pl\/en\/produkt\/konsultacja-psychologiczna\/","title":{"rendered":"Konsultacja Psychologiczna"},"content":{"rendered":"[vc_row type=&#8221;in_container&#8221; full_screen_row_position=&#8221;middle&#8221; column_margin=&#8221;default&#8221; column_direction=&#8221;default&#8221; column_direction_tablet=&#8221;default&#8221; column_direction_phone=&#8221;default&#8221; scene_position=&#8221;center&#8221; text_color=&#8221;dark&#8221; text_align=&#8221;left&#8221; row_border_radius=&#8221;none&#8221; row_border_radius_applies=&#8221;bg&#8221; overflow=&#8221;visible&#8221; overlay_strength=&#8221;0.3&#8243; gradient_direction=&#8221;left_to_right&#8221; shape_divider_position=&#8221;bottom&#8221; bg_image_animation=&#8221;none&#8221;][vc_column column_padding=&#8221;no-extra-padding&#8221; column_padding_tablet=&#8221;inherit&#8221; column_padding_phone=&#8221;inherit&#8221; column_padding_position=&#8221;all&#8221; column_element_direction_desktop=&#8221;default&#8221; column_element_spacing=&#8221;default&#8221; desktop_text_alignment=&#8221;default&#8221; tablet_text_alignment=&#8221;default&#8221; phone_text_alignment=&#8221;default&#8221; background_color_opacity=&#8221;1&#8243; background_hover_color_opacity=&#8221;1&#8243; column_backdrop_filter=&#8221;none&#8221; column_shadow=&#8221;none&#8221; column_border_radius=&#8221;none&#8221; column_link_target=&#8221;_self&#8221; column_position=&#8221;default&#8221; gradient_direction=&#8221;left_to_right&#8221; overlay_strength=&#8221;0.3&#8243; width=&#8221;1\/1&#8243; tablet_width_inherit=&#8221;default&#8221; animation_type=&#8221;default&#8221; bg_image_animation=&#8221;none&#8221; border_type=&#8221;simple&#8221; column_border_width=&#8221;none&#8221; column_border_style=&#8221;solid&#8221;][vc_column_text]<strong>Rezerwacja konsultacji dost\u0119pna jest wy\u0142\u0105cznie na stronie Magdaleny Szymczak- K\u0119pki <a href=\"https:\/\/psychologodwlosow.pl\/product\/konsultacja-psychologiczna\/\">https:\/\/psychologodwlosow.pl\/product\/konsultacja-psychologiczna\/<\/a><br \/>\n<\/strong><\/p>\n<p><strong>\u00a0<\/strong>[\/vc_column_text][\/vc_column][\/vc_row]\n","protected":false},"excerpt":{"rendered":"<p><strong>Rezerwacja konsultacji dost\u0119pna jest wy\u0142\u0105cznie na stronie Magdaleny Szymczak- K\u0119pki <a href=\"https:\/\/psychologodwlosow.pl\/product\/konsultacja-psychologiczna\/\">https:\/\/psychologodwlosow.pl\/product\/konsultacja-psychologiczna\/<\/a><br \/>\n<\/strong><\/p>\n<p><strong>\u00a0<\/strong><\/p>\n","protected":false},"featured_media":19783,"template":"","meta":{"_bbp_topic_count":0,"_bbp_reply_count":0,"_bbp_total_topic_count":0,"_bbp_total_reply_count":0,"_bbp_voice_count":0,"_bbp_anonymous_reply_count":0,"_bbp_topic_count_hidden":0,"_bbp_reply_count_hidden":0,"_bbp_forum_subforum_count":0},"product_brand":[],"product_cat":[343],"product_tag":[344,345,346],"class_list":{"0":"post-19779","1":"product","2":"type-product","3":"status-publish","4":"has-post-thumbnail","6":"product_cat-konsultacje","7":"product_tag-konsultacje-psychologiczne-online","8":"product_tag-psycholog-warszawa","9":"product_tag-psycholog-wlosy","11":"first","12":"instock","13":"sold-individually","14":"shipping-taxable","15":"product-type-variable"},"yoast_head":"<!-- This site is optimized with the Yoast SEO plugin v25.7 - https:\/\/yoast.com\/wordpress\/plugins\/seo\/ -->\n<title>Konsultacja Psychologiczna - Klinika W\u0142os\u00f3w Hair LAB<\/title>\n<meta name=\"robots\" content=\"index, follow, max-snippet:-1, max-image-preview:large, max-video-preview:-1\" \/>\n<link rel=\"canonical\" href=\"https:\/\/hairlab.pl\/produkt\/konsultacja-psychologiczna\/\" \/>\n<meta property=\"og:locale\" content=\"en_US\" \/>\n<meta property=\"og:type\" content=\"article\" \/>\n<meta property=\"og:title\" content=\"Konsultacja Psychologiczna - Klinika W\u0142os\u00f3w Hair LAB\" \/>\n<meta property=\"og:description\" content=\"Rezerwacja konsultacji dost\u0119pna jest wy\u0142\u0105cznie na stronie Magdaleny Szymczak- K\u0119pki https:\/\/psychologodwlosow.pl\/product\/konsultacja-psychologiczna\/   \u00a0\" \/>\n<meta property=\"og:url\" content=\"https:\/\/hairlab.pl\/produkt\/konsultacja-psychologiczna\/\" \/>\n<meta property=\"og:site_name\" content=\"Klinika W\u0142os\u00f3w Hair LAB\" \/>\n<meta property=\"article:modified_time\" content=\"2022-09-30T20:25:13+00:00\" \/>\n<meta property=\"og:image\" content=\"https:\/\/hairlab.pl\/wp-content\/uploads\/2020\/03\/konsultacja-psychologiczna2.jpg\" \/>\n\t<meta property=\"og:image:width\" content=\"600\" \/>\n\t<meta property=\"og:image:height\" content=\"600\" \/>\n\t<meta property=\"og:image:type\" content=\"image\/jpeg\" \/>\n<meta name=\"twitter:label1\" content=\"Est. reading time\" \/>\n\t<meta name=\"twitter:data1\" content=\"1 minute\" \/>\n<script type=\"application\/ld+json\" class=\"yoast-schema-graph\">{\"@context\":\"https:\/\/schema.org\",\"@graph\":[{\"@type\":\"WebPage\",\"@id\":\"https:\/\/hairlab.pl\/produkt\/konsultacja-psychologiczna\/\",\"url\":\"https:\/\/hairlab.pl\/produkt\/konsultacja-psychologiczna\/\",\"name\":\"Konsultacja Psychologiczna - Klinika W\u0142os\u00f3w Hair LAB\",\"isPartOf\":{\"@id\":\"https:\/\/hairlab.pl\/#website\"},\"primaryImageOfPage\":{\"@id\":\"https:\/\/hairlab.pl\/produkt\/konsultacja-psychologiczna\/#primaryimage\"},\"image\":{\"@id\":\"https:\/\/hairlab.pl\/produkt\/konsultacja-psychologiczna\/#primaryimage\"},\"thumbnailUrl\":\"https:\/\/hairlab.pl\/wp-content\/uploads\/2020\/03\/konsultacja-psychologiczna2.jpg\",\"datePublished\":\"2020-03-23T00:28:16+00:00\",\"dateModified\":\"2022-09-30T20:25:13+00:00\",\"breadcrumb\":{\"@id\":\"https:\/\/hairlab.pl\/produkt\/konsultacja-psychologiczna\/#breadcrumb\"},\"inLanguage\":\"en-US\",\"potentialAction\":[{\"@type\":\"ReadAction\",\"target\":[\"https:\/\/hairlab.pl\/produkt\/konsultacja-psychologiczna\/\"]}]},{\"@type\":\"ImageObject\",\"inLanguage\":\"en-US\",\"@id\":\"https:\/\/hairlab.pl\/produkt\/konsultacja-psychologiczna\/#primaryimage\",\"url\":\"https:\/\/hairlab.pl\/wp-content\/uploads\/2020\/03\/konsultacja-psychologiczna2.jpg\",\"contentUrl\":\"https:\/\/hairlab.pl\/wp-content\/uploads\/2020\/03\/konsultacja-psychologiczna2.jpg\",\"width\":600,\"height\":600,\"caption\":\"konsultacja-psychologiczna2\"},{\"@type\":\"BreadcrumbList\",\"@id\":\"https:\/\/hairlab.pl\/produkt\/konsultacja-psychologiczna\/#breadcrumb\",\"itemListElement\":[{\"@type\":\"ListItem\",\"position\":1,\"name\":\"Sklep\",\"item\":\"https:\/\/hairlab.pl\/sklep\/\"},{\"@type\":\"ListItem\",\"position\":2,\"name\":\"Konsultacja Psychologiczna\"}]},{\"@type\":\"WebSite\",\"@id\":\"https:\/\/hairlab.pl\/#website\",\"url\":\"https:\/\/hairlab.pl\/\",\"name\":\"Klinika W\u0142os\u00f3w Hair LAB\",\"description\":\"Klinika W\u0142os\u00f3w Hair LAB oferuje kompleksowe us\u0142ugi w walce z wypadaniem w\u0142os\u00f3w i \u0142ysieniem. Zajmujemy si\u0119 m.in. uzupe\u0142nianiem w\u0142os\u00f3w, leczeniem i poradami\",\"potentialAction\":[{\"@type\":\"SearchAction\",\"target\":{\"@type\":\"EntryPoint\",\"urlTemplate\":\"https:\/\/hairlab.pl\/?s={search_term_string}\"},\"query-input\":{\"@type\":\"PropertyValueSpecification\",\"valueRequired\":true,\"valueName\":\"search_term_string\"}}],\"inLanguage\":\"en-US\"}]}<\/script>\n<!-- \/ Yoast SEO plugin. -->","yoast_head_json":{"title":"Konsultacja Psychologiczna - Klinika W\u0142os\u00f3w Hair LAB","robots":{"index":"index","follow":"follow","max-snippet":"max-snippet:-1","max-image-preview":"max-image-preview:large","max-video-preview":"max-video-preview:-1"},"canonical":"https:\/\/hairlab.pl\/produkt\/konsultacja-psychologiczna\/","og_locale":"en_US","og_type":"article","og_title":"Konsultacja Psychologiczna - Klinika W\u0142os\u00f3w Hair LAB","og_description":"Rezerwacja konsultacji dost\u0119pna jest wy\u0142\u0105cznie na stronie Magdaleny Szymczak- K\u0119pki https:\/\/psychologodwlosow.pl\/product\/konsultacja-psychologiczna\/   \u00a0","og_url":"https:\/\/hairlab.pl\/produkt\/konsultacja-psychologiczna\/","og_site_name":"Klinika W\u0142os\u00f3w Hair LAB","article_modified_time":"2022-09-30T20:25:13+00:00","og_image":[{"width":600,"height":600,"url":"https:\/\/hairlab.pl\/wp-content\/uploads\/2020\/03\/konsultacja-psychologiczna2.jpg","type":"image\/jpeg"}],"twitter_misc":{"Est. reading time":"1 minute"},"schema":{"@context":"https:\/\/schema.org","@graph":[{"@type":"WebPage","@id":"https:\/\/hairlab.pl\/produkt\/konsultacja-psychologiczna\/","url":"https:\/\/hairlab.pl\/produkt\/konsultacja-psychologiczna\/","name":"Konsultacja Psychologiczna - Klinika W\u0142os\u00f3w Hair LAB","isPartOf":{"@id":"https:\/\/hairlab.pl\/#website"},"primaryImageOfPage":{"@id":"https:\/\/hairlab.pl\/produkt\/konsultacja-psychologiczna\/#primaryimage"},"image":{"@id":"https:\/\/hairlab.pl\/produkt\/konsultacja-psychologiczna\/#primaryimage"},"thumbnailUrl":"https:\/\/hairlab.pl\/wp-content\/uploads\/2020\/03\/konsultacja-psychologiczna2.jpg","datePublished":"2020-03-23T00:28:16+00:00","dateModified":"2022-09-30T20:25:13+00:00","breadcrumb":{"@id":"https:\/\/hairlab.pl\/produkt\/konsultacja-psychologiczna\/#breadcrumb"},"inLanguage":"en-US","potentialAction":[{"@type":"ReadAction","target":["https:\/\/hairlab.pl\/produkt\/konsultacja-psychologiczna\/"]}]},{"@type":"ImageObject","inLanguage":"en-US","@id":"https:\/\/hairlab.pl\/produkt\/konsultacja-psychologiczna\/#primaryimage","url":"https:\/\/hairlab.pl\/wp-content\/uploads\/2020\/03\/konsultacja-psychologiczna2.jpg","contentUrl":"https:\/\/hairlab.pl\/wp-content\/uploads\/2020\/03\/konsultacja-psychologiczna2.jpg","width":600,"height":600,"caption":"konsultacja-psychologiczna2"},{"@type":"BreadcrumbList","@id":"https:\/\/hairlab.pl\/produkt\/konsultacja-psychologiczna\/#breadcrumb","itemListElement":[{"@type":"ListItem","position":1,"name":"Sklep","item":"https:\/\/hairlab.pl\/sklep\/"},{"@type":"ListItem","position":2,"name":"Konsultacja Psychologiczna"}]},{"@type":"WebSite","@id":"https:\/\/hairlab.pl\/#website","url":"https:\/\/hairlab.pl\/","name":"Klinika W\u0142os\u00f3w Hair LAB","description":"Klinika W\u0142os\u00f3w Hair LAB oferuje kompleksowe us\u0142ugi w walce z wypadaniem w\u0142os\u00f3w i \u0142ysieniem. Zajmujemy si\u0119 m.in. uzupe\u0142nianiem w\u0142os\u00f3w, leczeniem i poradami","potentialAction":[{"@type":"SearchAction","target":{"@type":"EntryPoint","urlTemplate":"https:\/\/hairlab.pl\/?s={search_term_string}"},"query-input":{"@type":"PropertyValueSpecification","valueRequired":true,"valueName":"search_term_string"}}],"inLanguage":"en-US"}]}},"_links":{"self":[{"href":"https:\/\/hairlab.pl\/en\/wp-json\/wp\/v2\/product\/19779","targetHints":{"allow":["GET"]}}],"collection":[{"href":"https:\/\/hairlab.pl\/en\/wp-json\/wp\/v2\/product"}],"about":[{"href":"https:\/\/hairlab.pl\/en\/wp-json\/wp\/v2\/types\/product"}],"wp:featuredmedia":[{"embeddable":true,"href":"https:\/\/hairlab.pl\/en\/wp-json\/wp\/v2\/media\/19783"}],"wp:attachment":[{"href":"https:\/\/hairlab.pl\/en\/wp-json\/wp\/v2\/media?parent=19779"}],"wp:term":[{"taxonomy":"product_brand","embeddable":true,"href":"https:\/\/hairlab.pl\/en\/wp-json\/wp\/v2\/product_brand?post=19779"},{"taxonomy":"product_cat","embeddable":true,"href":"https:\/\/hairlab.pl\/en\/wp-json\/wp\/v2\/product_cat?post=19779"},{"taxonomy":"product_tag","embeddable":true,"href":"https:\/\/hairlab.pl\/en\/wp-json\/wp\/v2\/product_tag?post=19779"}],"curies":[{"name":"wp","href":"https:\/\/api.w.org\/{rel}","templated":true}]}}