{"id":15721,"date":"2017-06-27T00:00:00","date_gmt":"2017-06-26T22:00:00","guid":{"rendered":"https:\/\/hairlab.pl\/?page_id=15721"},"modified":"2018-11-29T17:36:10","modified_gmt":"2018-11-29T16:36:10","slug":"led-medical-laser-bio-light","status":"publish","type":"page","link":"https:\/\/hairlab.pl\/en\/led-medical-laser-bio-light\/","title":{"rendered":"Led Medical Laser Bio-Light"},"content":{"rendered":"<h2>Led Medical Laser Bio-Light<\/h2>\n<p>Hair LAB Hair Clinic offers the highest quality treatment using LED lights. Led Medical Laser Bio-Light emits 4 basic types (colors) of light (plus color formed after blending two primary colors):<\/p>\n<ul>\n<li><strong><span style=\"color: #ff0000;\">Red light &#8211; R<\/span><\/strong> (640 \u00b1 5 nm)accelerates the regeneration of the skin by increasing the rate of cell division and stimulate the synthesis of collagen &#8211; the main protein of connective tissue. It is used in therapy to prevent hair loss because it stimulates the microcirculation of the scalp.<\/li>\n<li><strong><span style=\"color: #ffff00;\"> Yellow light &#8211; Y<\/span><\/strong> (590 \u00b1 5 nm) soothes irritation on the sensitive skin. It also strengthens capillary walls. Perfect for the treatment of dry dandruff and excessive dry scalp.<\/li>\n<li><strong><span style=\"color: #808000;\">Green &#8211; G<\/span> (<\/strong>560 \u00b1 5 nm)has a soothing effect, so that is used in reducing edema. Used for removing skin discolorations.<\/li>\n<li><strong><span style=\"color: #3366ff;\">Blue &#8211; B<\/span><\/strong> (470 \u00b1 5 nm) has a bactericidal and disinfectant action. It prevents development of inflammation and the proliferation of microorganisms. Used in the treatment of ailments such as acne and psoriasis.<\/li>\n<\/ul>\n<p>In addition, basics colors can be combined to give the light:<\/p>\n<ul>\n<li><span style=\"color: #800080;\"><strong> Purple<span style=\"color: #ff0000;\">R<\/span>+<span style=\"color: #3366ff;\">B<\/span><\/strong><\/span> are used to remove scars<\/li>\n<li><strong><span style=\"color: #00ffff;\"> Cyano<span style=\"color: #808000;\">G<\/span><span style=\"color: #000000;\">+<\/span><span style=\"color: #3366ff;\">B<\/span><\/span><\/strong> attenuates the activity of the sebaceous gland, which regulates the amount of sebum secreted. Used in the treatment of seborrhea and greasy dandruff.<\/li>\n<\/ul>\n<p>The light emitted by the LED device Medical Laser Bio-Light is biologically active, so it is possible to use it in skin or scalp care and support for treatment of skin and scalp disorders.<br \/>\nHair LAB Hair Clinic offers preventive and curative phototherapy treatments. Therapy using LED light is individually selected to present problems and needs. The light emitted by the device penetrates deep into the skin and scalp accelerating its regeneration. Moreover, through the use of light of different colors it is possible therapy of broad spectrum of symptoms associated with the scalp and hair such as hair loss, dry and greasy dandruff, seborrhea, inflammatory conditions. Additionally light therapy is a pleasant, painless and does not cause any side effects.<\/p>\n<p>&nbsp;<\/p>\n<p><strong><a href=\"\/?page_id=3338\">LED SESSIONS COMBINED WITH NEEDLE MESOTHERAPY OF THE SCALP<\/a><\/strong><\/p>\n<p>Proposed by Hair LAB Hair Clinic light therapy treatments give a very good and fast visible results, combined with needle mesotherapy of the scalp using specialized treatments. For each problem with scalp and hair the therapy is individually adjusted using the appropriate treatment and light color. The combination of these two methods enhances the therapeutic effect, so that the effects of the therapy are quicker. After performing scalp mesotherapy irradiation with red light will accelerate the regeneration of skin, blue light prevent the development of inflammation, and cyan light reduce the oiliness of the scalp by regulating the work of sebaceous glands.<\/p>\n<p><a href=\"http:\/\/hairlab.pl\/wp-content\/uploads\/2013\/11\/DSC_4017_all.jpg\" rel=\"prettyPhoto[gallery-5PO8]\"><img loading=\"lazy\" decoding=\"async\" class=\"aligncenter size-full wp-image-3751\" src=\"http:\/\/hairlab.pl\/wp-content\/uploads\/2013\/11\/DSC_4017_all.jpg\" alt=\"DSC_4017_all\" width=\"1200\" height=\"360\" \/><\/a><\/p>\n<p>&nbsp;<\/p>\n<p>&nbsp;<\/p>\n","protected":false},"excerpt":{"rendered":"<p>Led Medical Laser Bio-Light Hair LAB Hair Clinic offers the highest quality treatment using LED lights. Led Medical Laser Bio-Light emits 4 basic types (colors) of light (plus color formed&#8230;<\/p>\n","protected":false},"author":4,"featured_media":0,"parent":0,"menu_order":0,"comment_status":"closed","ping_status":"open","template":"","meta":{"_bbp_topic_count":0,"_bbp_reply_count":0,"_bbp_total_topic_count":0,"_bbp_total_reply_count":0,"_bbp_voice_count":0,"_bbp_anonymous_reply_count":0,"_bbp_topic_count_hidden":0,"_bbp_reply_count_hidden":0,"_bbp_forum_subforum_count":0,"footnotes":""},"class_list":["post-15721","page","type-page","status-publish"],"yoast_head":"<!-- This site is optimized with the Yoast SEO plugin v25.7 - https:\/\/yoast.com\/wordpress\/plugins\/seo\/ -->\n<title>Led Medical Laser Bio-Light - Klinika W\u0142os\u00f3w Hair LAB<\/title>\n<meta name=\"robots\" content=\"index, follow, max-snippet:-1, max-image-preview:large, max-video-preview:-1\" \/>\n<link rel=\"canonical\" href=\"https:\/\/hairlab.pl\/en\/led-medical-laser-bio-light\/\" \/>\n<meta property=\"og:locale\" content=\"en_US\" \/>\n<meta property=\"og:type\" content=\"article\" \/>\n<meta property=\"og:title\" content=\"Led Medical Laser Bio-Light - Klinika W\u0142os\u00f3w Hair LAB\" \/>\n<meta property=\"og:description\" content=\"Led Medical Laser Bio-Light Hair LAB Hair Clinic offers the highest quality treatment using LED lights. Led Medical Laser Bio-Light emits 4 basic types (colors) of light (plus color formed...\" \/>\n<meta property=\"og:url\" content=\"https:\/\/hairlab.pl\/en\/led-medical-laser-bio-light\/\" \/>\n<meta property=\"og:site_name\" content=\"Klinika W\u0142os\u00f3w Hair LAB\" \/>\n<meta property=\"article:modified_time\" content=\"2018-11-29T16:36:10+00:00\" \/>\n<meta property=\"og:image\" content=\"http:\/\/hairlab.pl\/wp-content\/uploads\/2013\/11\/DSC_4017_all.jpg\" \/>\n<meta name=\"twitter:label1\" content=\"Est. reading time\" \/>\n\t<meta name=\"twitter:data1\" content=\"2 minutes\" \/>\n<script type=\"application\/ld+json\" class=\"yoast-schema-graph\">{\"@context\":\"https:\/\/schema.org\",\"@graph\":[{\"@type\":\"WebPage\",\"@id\":\"https:\/\/hairlab.pl\/en\/led-medical-laser-bio-light\/\",\"url\":\"https:\/\/hairlab.pl\/en\/led-medical-laser-bio-light\/\",\"name\":\"Led Medical Laser Bio-Light - Klinika W\u0142os\u00f3w Hair LAB\",\"isPartOf\":{\"@id\":\"https:\/\/hairlab.pl\/#website\"},\"primaryImageOfPage\":{\"@id\":\"https:\/\/hairlab.pl\/en\/led-medical-laser-bio-light\/#primaryimage\"},\"image\":{\"@id\":\"https:\/\/hairlab.pl\/en\/led-medical-laser-bio-light\/#primaryimage\"},\"thumbnailUrl\":\"http:\/\/hairlab.pl\/wp-content\/uploads\/2013\/11\/DSC_4017_all.jpg\",\"datePublished\":\"2017-06-26T22:00:00+00:00\",\"dateModified\":\"2018-11-29T16:36:10+00:00\",\"inLanguage\":\"en-US\",\"potentialAction\":[{\"@type\":\"ReadAction\",\"target\":[\"https:\/\/hairlab.pl\/en\/led-medical-laser-bio-light\/\"]}]},{\"@type\":\"ImageObject\",\"inLanguage\":\"en-US\",\"@id\":\"https:\/\/hairlab.pl\/en\/led-medical-laser-bio-light\/#primaryimage\",\"url\":\"http:\/\/hairlab.pl\/wp-content\/uploads\/2013\/11\/DSC_4017_all.jpg\",\"contentUrl\":\"http:\/\/hairlab.pl\/wp-content\/uploads\/2013\/11\/DSC_4017_all.jpg\"},{\"@type\":\"WebSite\",\"@id\":\"https:\/\/hairlab.pl\/#website\",\"url\":\"https:\/\/hairlab.pl\/\",\"name\":\"Klinika W\u0142os\u00f3w Hair LAB\",\"description\":\"Klinika W\u0142os\u00f3w Hair LAB oferuje kompleksowe us\u0142ugi w walce z wypadaniem w\u0142os\u00f3w i \u0142ysieniem. Zajmujemy si\u0119 m.in. uzupe\u0142nianiem w\u0142os\u00f3w, leczeniem i poradami\",\"potentialAction\":[{\"@type\":\"SearchAction\",\"target\":{\"@type\":\"EntryPoint\",\"urlTemplate\":\"https:\/\/hairlab.pl\/?s={search_term_string}\"},\"query-input\":{\"@type\":\"PropertyValueSpecification\",\"valueRequired\":true,\"valueName\":\"search_term_string\"}}],\"inLanguage\":\"en-US\"}]}<\/script>\n<!-- \/ Yoast SEO plugin. -->","yoast_head_json":{"title":"Led Medical Laser Bio-Light - Klinika W\u0142os\u00f3w Hair LAB","robots":{"index":"index","follow":"follow","max-snippet":"max-snippet:-1","max-image-preview":"max-image-preview:large","max-video-preview":"max-video-preview:-1"},"canonical":"https:\/\/hairlab.pl\/en\/led-medical-laser-bio-light\/","og_locale":"en_US","og_type":"article","og_title":"Led Medical Laser Bio-Light - Klinika W\u0142os\u00f3w Hair LAB","og_description":"Led Medical Laser Bio-Light Hair LAB Hair Clinic offers the highest quality treatment using LED lights. Led Medical Laser Bio-Light emits 4 basic types (colors) of light (plus color formed...","og_url":"https:\/\/hairlab.pl\/en\/led-medical-laser-bio-light\/","og_site_name":"Klinika W\u0142os\u00f3w Hair LAB","article_modified_time":"2018-11-29T16:36:10+00:00","og_image":[{"url":"http:\/\/hairlab.pl\/wp-content\/uploads\/2013\/11\/DSC_4017_all.jpg","type":"","width":"","height":""}],"twitter_misc":{"Est. reading time":"2 minutes"},"schema":{"@context":"https:\/\/schema.org","@graph":[{"@type":"WebPage","@id":"https:\/\/hairlab.pl\/en\/led-medical-laser-bio-light\/","url":"https:\/\/hairlab.pl\/en\/led-medical-laser-bio-light\/","name":"Led Medical Laser Bio-Light - Klinika W\u0142os\u00f3w Hair LAB","isPartOf":{"@id":"https:\/\/hairlab.pl\/#website"},"primaryImageOfPage":{"@id":"https:\/\/hairlab.pl\/en\/led-medical-laser-bio-light\/#primaryimage"},"image":{"@id":"https:\/\/hairlab.pl\/en\/led-medical-laser-bio-light\/#primaryimage"},"thumbnailUrl":"http:\/\/hairlab.pl\/wp-content\/uploads\/2013\/11\/DSC_4017_all.jpg","datePublished":"2017-06-26T22:00:00+00:00","dateModified":"2018-11-29T16:36:10+00:00","inLanguage":"en-US","potentialAction":[{"@type":"ReadAction","target":["https:\/\/hairlab.pl\/en\/led-medical-laser-bio-light\/"]}]},{"@type":"ImageObject","inLanguage":"en-US","@id":"https:\/\/hairlab.pl\/en\/led-medical-laser-bio-light\/#primaryimage","url":"http:\/\/hairlab.pl\/wp-content\/uploads\/2013\/11\/DSC_4017_all.jpg","contentUrl":"http:\/\/hairlab.pl\/wp-content\/uploads\/2013\/11\/DSC_4017_all.jpg"},{"@type":"WebSite","@id":"https:\/\/hairlab.pl\/#website","url":"https:\/\/hairlab.pl\/","name":"Klinika W\u0142os\u00f3w Hair LAB","description":"Klinika W\u0142os\u00f3w Hair LAB oferuje kompleksowe us\u0142ugi w walce z wypadaniem w\u0142os\u00f3w i \u0142ysieniem. Zajmujemy si\u0119 m.in. uzupe\u0142nianiem w\u0142os\u00f3w, leczeniem i poradami","potentialAction":[{"@type":"SearchAction","target":{"@type":"EntryPoint","urlTemplate":"https:\/\/hairlab.pl\/?s={search_term_string}"},"query-input":{"@type":"PropertyValueSpecification","valueRequired":true,"valueName":"search_term_string"}}],"inLanguage":"en-US"}]}},"_links":{"self":[{"href":"https:\/\/hairlab.pl\/en\/wp-json\/wp\/v2\/pages\/15721","targetHints":{"allow":["GET"]}}],"collection":[{"href":"https:\/\/hairlab.pl\/en\/wp-json\/wp\/v2\/pages"}],"about":[{"href":"https:\/\/hairlab.pl\/en\/wp-json\/wp\/v2\/types\/page"}],"author":[{"embeddable":true,"href":"https:\/\/hairlab.pl\/en\/wp-json\/wp\/v2\/users\/4"}],"replies":[{"embeddable":true,"href":"https:\/\/hairlab.pl\/en\/wp-json\/wp\/v2\/comments?post=15721"}],"version-history":[{"count":0,"href":"https:\/\/hairlab.pl\/en\/wp-json\/wp\/v2\/pages\/15721\/revisions"}],"wp:attachment":[{"href":"https:\/\/hairlab.pl\/en\/wp-json\/wp\/v2\/media?parent=15721"}],"curies":[{"name":"wp","href":"https:\/\/api.w.org\/{rel}","templated":true}]}}