{"id":15698,"date":"2015-07-20T00:00:00","date_gmt":"2015-07-19T22:00:00","guid":{"rendered":"https:\/\/hairlab.pl\/?page_id=15698"},"modified":"2018-11-29T17:42:07","modified_gmt":"2018-11-29T16:42:07","slug":"non-surgical-hair-transplant","status":"publish","type":"page","link":"https:\/\/hairlab.pl\/en\/non-surgical-hair-transplant\/","title":{"rendered":"Non-surgical hair transplant"},"content":{"rendered":"<p>Hair Clinic Hair LAB, Help Centre offers modern non-surgical hair implant \u2013 INJECTION.<br \/>\nIt is an alternative for traditional hair transplants.<br \/>\nIn this method European hair with unchanged structure and natural colour ( so called virgin hair) is embedded ( injected) into a very thin base, so called micro-skin, giving a natural effect of \u00a0growing hair. In this method the tangles and short growing hair are invisible. The hair is embedded permanently to the head and it guarantees its long-term wearing (even until 1 month), sleeping in it and styling treatments on your own head. INJECTION method is non-invasive and painless. It can be offered for\u00a0women, men and children, both partial and full hair replacements.<\/p>\n<p>Such a non-surgical transplant is designed individually, depending on the size of surface, on which the system will be put. The base, which the transplant is made of, is very thin, it imitates one&#8217;s natural skin. The advantage of the Injection system is the fact that the Client, with the support of our specialists, can choose the length, structure and the hair colour of the unit.<\/p>\n<p>Non-surgical hair transplant INJECTION is a perfect solution in case of alopecia areata or androgenetic alopecia. It can be also a good option for covering scars on the head skin where there is no hair regrowth or in the case of thinning hair. The comfort of wearing such a transplant does not differ from the treatment of your own hair. Permanent fixing is the reason why people wearing Injection systems, do not have to resign from an active lifestyle and physical activity such as swimming or jogging.<\/p>\n<p>&nbsp;<\/p>\n<p><a href=\"http:\/\/hairlab.pl\/wp-content\/uploads\/2015\/06\/implant-wlosow-przed-i-po-2.jpg\" rel=\"prettyPhoto[gallery-S4bJ]\"><img loading=\"lazy\" decoding=\"async\" class=\"aligncenter size-full wp-image-4541\" src=\"http:\/\/hairlab.pl\/wp-content\/uploads\/2015\/06\/implant-wlosow-przed-i-po-2.jpg\" alt=\"implant-wlosow-przed-i-po-2\" width=\"800\" height=\"600\" \/><\/a><\/p>\n<p><a href=\"http:\/\/hairlab.pl\/wp-content\/uploads\/2015\/06\/implant-wlosow-przed-i-po-1.jpg\" rel=\"prettyPhoto[gallery-S4bJ]\"><img loading=\"lazy\" decoding=\"async\" class=\"aligncenter size-large wp-image-4542\" src=\"http:\/\/hairlab.pl\/wp-content\/uploads\/2015\/06\/implant-wlosow-przed-i-po-1.jpg\" alt=\"implant-wlosow-przed-i-po-1\" width=\"675\" height=\"506\" \/><\/a><\/p>\n<p>&nbsp;<\/p>\n<p>&nbsp;<\/p>\n","protected":false},"excerpt":{"rendered":"<p>Hair Clinic Hair LAB, Help Centre offers modern non-surgical hair implant \u2013 INJECTION. It is an alternative for traditional hair transplants. In this method European hair with unchanged structure and&#8230;<\/p>\n","protected":false},"author":4,"featured_media":0,"parent":0,"menu_order":0,"comment_status":"closed","ping_status":"open","template":"","meta":{"_bbp_topic_count":0,"_bbp_reply_count":0,"_bbp_total_topic_count":0,"_bbp_total_reply_count":0,"_bbp_voice_count":0,"_bbp_anonymous_reply_count":0,"_bbp_topic_count_hidden":0,"_bbp_reply_count_hidden":0,"_bbp_forum_subforum_count":0,"footnotes":""},"class_list":["post-15698","page","type-page","status-publish"],"yoast_head":"<!-- This site is optimized with the Yoast SEO plugin v25.7 - https:\/\/yoast.com\/wordpress\/plugins\/seo\/ -->\n<title>Non-surgical hair transplant - Klinika W\u0142os\u00f3w Hair LAB<\/title>\n<meta name=\"robots\" content=\"index, follow, max-snippet:-1, max-image-preview:large, max-video-preview:-1\" \/>\n<link rel=\"canonical\" href=\"https:\/\/hairlab.pl\/en\/non-surgical-hair-transplant\/\" \/>\n<meta property=\"og:locale\" content=\"en_US\" \/>\n<meta property=\"og:type\" content=\"article\" \/>\n<meta property=\"og:title\" content=\"Non-surgical hair transplant - Klinika W\u0142os\u00f3w Hair LAB\" \/>\n<meta property=\"og:description\" content=\"Hair Clinic Hair LAB, Help Centre offers modern non-surgical hair implant \u2013 INJECTION. It is an alternative for traditional hair transplants. In this method European hair with unchanged structure and...\" \/>\n<meta property=\"og:url\" content=\"https:\/\/hairlab.pl\/en\/non-surgical-hair-transplant\/\" \/>\n<meta property=\"og:site_name\" content=\"Klinika W\u0142os\u00f3w Hair LAB\" \/>\n<meta property=\"article:modified_time\" content=\"2018-11-29T16:42:07+00:00\" \/>\n<meta property=\"og:image\" content=\"http:\/\/hairlab.pl\/wp-content\/uploads\/2015\/06\/implant-wlosow-przed-i-po-2.jpg\" \/>\n<meta name=\"twitter:label1\" content=\"Est. reading time\" \/>\n\t<meta name=\"twitter:data1\" content=\"1 minute\" \/>\n<script type=\"application\/ld+json\" class=\"yoast-schema-graph\">{\"@context\":\"https:\/\/schema.org\",\"@graph\":[{\"@type\":\"WebPage\",\"@id\":\"https:\/\/hairlab.pl\/en\/non-surgical-hair-transplant\/\",\"url\":\"https:\/\/hairlab.pl\/en\/non-surgical-hair-transplant\/\",\"name\":\"Non-surgical hair transplant - Klinika W\u0142os\u00f3w Hair LAB\",\"isPartOf\":{\"@id\":\"https:\/\/hairlab.pl\/#website\"},\"primaryImageOfPage\":{\"@id\":\"https:\/\/hairlab.pl\/en\/non-surgical-hair-transplant\/#primaryimage\"},\"image\":{\"@id\":\"https:\/\/hairlab.pl\/en\/non-surgical-hair-transplant\/#primaryimage\"},\"thumbnailUrl\":\"http:\/\/hairlab.pl\/wp-content\/uploads\/2015\/06\/implant-wlosow-przed-i-po-2.jpg\",\"datePublished\":\"2015-07-19T22:00:00+00:00\",\"dateModified\":\"2018-11-29T16:42:07+00:00\",\"inLanguage\":\"en-US\",\"potentialAction\":[{\"@type\":\"ReadAction\",\"target\":[\"https:\/\/hairlab.pl\/en\/non-surgical-hair-transplant\/\"]}]},{\"@type\":\"ImageObject\",\"inLanguage\":\"en-US\",\"@id\":\"https:\/\/hairlab.pl\/en\/non-surgical-hair-transplant\/#primaryimage\",\"url\":\"http:\/\/hairlab.pl\/wp-content\/uploads\/2015\/06\/implant-wlosow-przed-i-po-2.jpg\",\"contentUrl\":\"http:\/\/hairlab.pl\/wp-content\/uploads\/2015\/06\/implant-wlosow-przed-i-po-2.jpg\"},{\"@type\":\"WebSite\",\"@id\":\"https:\/\/hairlab.pl\/#website\",\"url\":\"https:\/\/hairlab.pl\/\",\"name\":\"Klinika W\u0142os\u00f3w Hair LAB\",\"description\":\"Klinika W\u0142os\u00f3w Hair LAB oferuje kompleksowe us\u0142ugi w walce z wypadaniem w\u0142os\u00f3w i \u0142ysieniem. Zajmujemy si\u0119 m.in. uzupe\u0142nianiem w\u0142os\u00f3w, leczeniem i poradami\",\"potentialAction\":[{\"@type\":\"SearchAction\",\"target\":{\"@type\":\"EntryPoint\",\"urlTemplate\":\"https:\/\/hairlab.pl\/?s={search_term_string}\"},\"query-input\":{\"@type\":\"PropertyValueSpecification\",\"valueRequired\":true,\"valueName\":\"search_term_string\"}}],\"inLanguage\":\"en-US\"}]}<\/script>\n<!-- \/ Yoast SEO plugin. -->","yoast_head_json":{"title":"Non-surgical hair transplant - Klinika W\u0142os\u00f3w Hair LAB","robots":{"index":"index","follow":"follow","max-snippet":"max-snippet:-1","max-image-preview":"max-image-preview:large","max-video-preview":"max-video-preview:-1"},"canonical":"https:\/\/hairlab.pl\/en\/non-surgical-hair-transplant\/","og_locale":"en_US","og_type":"article","og_title":"Non-surgical hair transplant - Klinika W\u0142os\u00f3w Hair LAB","og_description":"Hair Clinic Hair LAB, Help Centre offers modern non-surgical hair implant \u2013 INJECTION. It is an alternative for traditional hair transplants. In this method European hair with unchanged structure and...","og_url":"https:\/\/hairlab.pl\/en\/non-surgical-hair-transplant\/","og_site_name":"Klinika W\u0142os\u00f3w Hair LAB","article_modified_time":"2018-11-29T16:42:07+00:00","og_image":[{"url":"http:\/\/hairlab.pl\/wp-content\/uploads\/2015\/06\/implant-wlosow-przed-i-po-2.jpg","type":"","width":"","height":""}],"twitter_misc":{"Est. reading time":"1 minute"},"schema":{"@context":"https:\/\/schema.org","@graph":[{"@type":"WebPage","@id":"https:\/\/hairlab.pl\/en\/non-surgical-hair-transplant\/","url":"https:\/\/hairlab.pl\/en\/non-surgical-hair-transplant\/","name":"Non-surgical hair transplant - Klinika W\u0142os\u00f3w Hair LAB","isPartOf":{"@id":"https:\/\/hairlab.pl\/#website"},"primaryImageOfPage":{"@id":"https:\/\/hairlab.pl\/en\/non-surgical-hair-transplant\/#primaryimage"},"image":{"@id":"https:\/\/hairlab.pl\/en\/non-surgical-hair-transplant\/#primaryimage"},"thumbnailUrl":"http:\/\/hairlab.pl\/wp-content\/uploads\/2015\/06\/implant-wlosow-przed-i-po-2.jpg","datePublished":"2015-07-19T22:00:00+00:00","dateModified":"2018-11-29T16:42:07+00:00","inLanguage":"en-US","potentialAction":[{"@type":"ReadAction","target":["https:\/\/hairlab.pl\/en\/non-surgical-hair-transplant\/"]}]},{"@type":"ImageObject","inLanguage":"en-US","@id":"https:\/\/hairlab.pl\/en\/non-surgical-hair-transplant\/#primaryimage","url":"http:\/\/hairlab.pl\/wp-content\/uploads\/2015\/06\/implant-wlosow-przed-i-po-2.jpg","contentUrl":"http:\/\/hairlab.pl\/wp-content\/uploads\/2015\/06\/implant-wlosow-przed-i-po-2.jpg"},{"@type":"WebSite","@id":"https:\/\/hairlab.pl\/#website","url":"https:\/\/hairlab.pl\/","name":"Klinika W\u0142os\u00f3w Hair LAB","description":"Klinika W\u0142os\u00f3w Hair LAB oferuje kompleksowe us\u0142ugi w walce z wypadaniem w\u0142os\u00f3w i \u0142ysieniem. Zajmujemy si\u0119 m.in. uzupe\u0142nianiem w\u0142os\u00f3w, leczeniem i poradami","potentialAction":[{"@type":"SearchAction","target":{"@type":"EntryPoint","urlTemplate":"https:\/\/hairlab.pl\/?s={search_term_string}"},"query-input":{"@type":"PropertyValueSpecification","valueRequired":true,"valueName":"search_term_string"}}],"inLanguage":"en-US"}]}},"_links":{"self":[{"href":"https:\/\/hairlab.pl\/en\/wp-json\/wp\/v2\/pages\/15698","targetHints":{"allow":["GET"]}}],"collection":[{"href":"https:\/\/hairlab.pl\/en\/wp-json\/wp\/v2\/pages"}],"about":[{"href":"https:\/\/hairlab.pl\/en\/wp-json\/wp\/v2\/types\/page"}],"author":[{"embeddable":true,"href":"https:\/\/hairlab.pl\/en\/wp-json\/wp\/v2\/users\/4"}],"replies":[{"embeddable":true,"href":"https:\/\/hairlab.pl\/en\/wp-json\/wp\/v2\/comments?post=15698"}],"version-history":[{"count":0,"href":"https:\/\/hairlab.pl\/en\/wp-json\/wp\/v2\/pages\/15698\/revisions"}],"wp:attachment":[{"href":"https:\/\/hairlab.pl\/en\/wp-json\/wp\/v2\/media?parent=15698"}],"curies":[{"name":"wp","href":"https:\/\/api.w.org\/{rel}","templated":true}]}}