{"id":15681,"date":"2014-08-08T00:00:00","date_gmt":"2014-08-07T22:00:00","guid":{"rendered":"https:\/\/hairlab.pl\/?page_id=15681"},"modified":"2018-11-29T17:44:42","modified_gmt":"2018-11-29T16:44:42","slug":"hair-replacement-for-kids","status":"publish","type":"page","link":"https:\/\/hairlab.pl\/en\/hair-replacement-for-kids\/","title":{"rendered":"Hair replacement for kids"},"content":{"rendered":"<p>Hair LAB, Help Centre, Hair replacements for children<\/p>\n<p>There are many reasons why children lose hair, for example Alopecia Areata, cancer or random incidents, for instance, such as \u00a0burns. Very often it takes away the happiest moments of\u00a0their childhood.\u00a0Lack of hair might be the reason why\u00a0other children tease them and it may lead to loneliness and lack of acceptance.<\/p>\n<p>It is possible to avoid such situations and help children to go through this difficult period of illness. We can help them\u00a0to\u00a0accept their appearance and to build their self-confidence.<\/p>\n<p>Offered by our clinic hair systems, differ from uncomfortable and thick, regular wigs. Our hair units are made of \u00a0the thinniest Slavic hair with natural density. The systems have visible partings and an exposed forehead line. Chidren, who wear our hair, can do any children\u2019s hairstyles like plaits or\u00a0ponytails.<\/p>\n<p><center><iframe loading=\"lazy\" src=\"https:\/\/www.youtube.com\/embed\/du16chCBu_w\" width=\"640\" height=\"360\" frameborder=\"0\" allowfullscreen=\"allowfullscreen\"><\/iframe><\/center><\/p>\n<h2 style=\"text-align: center;\">Examples of kids hair systems:<\/h2>\n<p><center><\/center><center><a href=\"http:\/\/hairlab.pl\/wp-content\/uploads\/2014\/04\/peruka-dziecko.jpg\" rel=\"prettyPhoto[gallery-FBtB]\"><img loading=\"lazy\" decoding=\"async\" class=\"aligncenter size-full wp-image-5376\" src=\"http:\/\/hairlab.pl\/wp-content\/uploads\/2014\/04\/peruka-dziecko.jpg\" alt=\"peruka-dziecko\" width=\"900\" height=\"601\" \/><\/a><\/center><center><\/center><center>&nbsp;<\/p>\n<p>&nbsp;<\/p>\n<p><\/center><\/p>\n<h2 style=\"text-align: center;\">Our CSR campagin for kids<br \/>\nMore on\u00a0<a href=\"www.podzielsiedziecinstwem.pl\">www.podzielsiedziecinstwem.pl<\/a><\/h2>\n<h2 style=\"text-align: center;\"><iframe loading=\"lazy\" src=\"https:\/\/www.youtube.com\/embed\/JzVcPGTezVM\" width=\"640\" height=\"360\" frameborder=\"0\" allowfullscreen=\"allowfullscreen\"><\/iframe><\/h2>\n<p>&nbsp;<\/p>\n<div id=\"attachment_1335\" style=\"width: 310px\" class=\"wp-caption aligncenter\"><a href=\"http:\/\/hairlab.pl\/wp-content\/uploads\/2014\/05\/przedipod2.jpg\" rel=\"prettyPhoto[gallery-FBtB]\"><img loading=\"lazy\" decoding=\"async\" aria-describedby=\"caption-attachment-1335\" class=\"size-medium wp-image-1335\" src=\"http:\/\/hairlab.pl\/wp-content\/uploads\/2014\/05\/przedipod2-300x182.jpg\" alt=\"Uzupe\u0142nianie w\u0142os\u00f3w dla kobiet (ch\u0142opcy)\" width=\"300\" height=\"182\" \/><\/a><p id=\"caption-attachment-1335\" class=\"wp-caption-text\">Uzupe\u0142nianie w\u0142os\u00f3w dla dzieci\u00a0(ch\u0142opcy)<\/p><\/div>\n<div id=\"attachment_1334\" style=\"width: 310px\" class=\"wp-caption aligncenter\"><a href=\"http:\/\/hairlab.pl\/wp-content\/uploads\/2014\/05\/przedipod1.jpg\" rel=\"prettyPhoto[gallery-FBtB]\"><img loading=\"lazy\" decoding=\"async\" aria-describedby=\"caption-attachment-1334\" class=\"size-medium wp-image-1334\" src=\"http:\/\/hairlab.pl\/wp-content\/uploads\/2014\/05\/przedipod1-300x182.jpg\" alt=\"Uzupe\u0142nianie w\u0142os\u00f3w dla kobiet (dziewczynki)\" width=\"300\" height=\"182\" \/><\/a><p id=\"caption-attachment-1334\" class=\"wp-caption-text\">Uzupe\u0142nianie w\u0142os\u00f3w dla dzieci\u00a0(dziewczynki)<\/p><\/div>\n<p>&nbsp;<\/p>\n","protected":false},"excerpt":{"rendered":"<p>Hair LAB, Help Centre, Hair replacements for children There are many reasons why children lose hair, for example Alopecia Areata, cancer or random incidents, for instance, such as \u00a0burns. Very&#8230;<\/p>\n","protected":false},"author":4,"featured_media":0,"parent":0,"menu_order":0,"comment_status":"closed","ping_status":"open","template":"","meta":{"_bbp_topic_count":0,"_bbp_reply_count":0,"_bbp_total_topic_count":0,"_bbp_total_reply_count":0,"_bbp_voice_count":0,"_bbp_anonymous_reply_count":0,"_bbp_topic_count_hidden":0,"_bbp_reply_count_hidden":0,"_bbp_forum_subforum_count":0,"footnotes":""},"class_list":["post-15681","page","type-page","status-publish"],"yoast_head":"<!-- This site is optimized with the Yoast SEO plugin v25.7 - https:\/\/yoast.com\/wordpress\/plugins\/seo\/ -->\n<title>Hair replacement for kids - Klinika W\u0142os\u00f3w Hair LAB<\/title>\n<meta name=\"robots\" content=\"index, follow, max-snippet:-1, max-image-preview:large, max-video-preview:-1\" \/>\n<link rel=\"canonical\" href=\"https:\/\/hairlab.pl\/en\/hair-replacement-for-kids\/\" \/>\n<meta property=\"og:locale\" content=\"en_US\" \/>\n<meta property=\"og:type\" content=\"article\" \/>\n<meta property=\"og:title\" content=\"Hair replacement for kids - Klinika W\u0142os\u00f3w Hair LAB\" \/>\n<meta property=\"og:description\" content=\"Hair LAB, Help Centre, Hair replacements for children There are many reasons why children lose hair, for example Alopecia Areata, cancer or random incidents, for instance, such as \u00a0burns. Very...\" \/>\n<meta property=\"og:url\" content=\"https:\/\/hairlab.pl\/en\/hair-replacement-for-kids\/\" \/>\n<meta property=\"og:site_name\" content=\"Klinika W\u0142os\u00f3w Hair LAB\" \/>\n<meta property=\"article:modified_time\" content=\"2018-11-29T16:44:42+00:00\" \/>\n<meta property=\"og:image\" content=\"http:\/\/hairlab.pl\/wp-content\/uploads\/2014\/04\/peruka-dziecko.jpg\" \/>\n<meta name=\"twitter:label1\" content=\"Est. reading time\" \/>\n\t<meta name=\"twitter:data1\" content=\"1 minute\" \/>\n<script type=\"application\/ld+json\" class=\"yoast-schema-graph\">{\"@context\":\"https:\/\/schema.org\",\"@graph\":[{\"@type\":\"WebPage\",\"@id\":\"https:\/\/hairlab.pl\/en\/hair-replacement-for-kids\/\",\"url\":\"https:\/\/hairlab.pl\/en\/hair-replacement-for-kids\/\",\"name\":\"Hair replacement for kids - Klinika W\u0142os\u00f3w Hair LAB\",\"isPartOf\":{\"@id\":\"https:\/\/hairlab.pl\/#website\"},\"primaryImageOfPage\":{\"@id\":\"https:\/\/hairlab.pl\/en\/hair-replacement-for-kids\/#primaryimage\"},\"image\":{\"@id\":\"https:\/\/hairlab.pl\/en\/hair-replacement-for-kids\/#primaryimage\"},\"thumbnailUrl\":\"http:\/\/hairlab.pl\/wp-content\/uploads\/2014\/04\/peruka-dziecko.jpg\",\"datePublished\":\"2014-08-07T22:00:00+00:00\",\"dateModified\":\"2018-11-29T16:44:42+00:00\",\"inLanguage\":\"en-US\",\"potentialAction\":[{\"@type\":\"ReadAction\",\"target\":[\"https:\/\/hairlab.pl\/en\/hair-replacement-for-kids\/\"]}]},{\"@type\":\"ImageObject\",\"inLanguage\":\"en-US\",\"@id\":\"https:\/\/hairlab.pl\/en\/hair-replacement-for-kids\/#primaryimage\",\"url\":\"http:\/\/hairlab.pl\/wp-content\/uploads\/2014\/04\/peruka-dziecko.jpg\",\"contentUrl\":\"http:\/\/hairlab.pl\/wp-content\/uploads\/2014\/04\/peruka-dziecko.jpg\"},{\"@type\":\"WebSite\",\"@id\":\"https:\/\/hairlab.pl\/#website\",\"url\":\"https:\/\/hairlab.pl\/\",\"name\":\"Klinika W\u0142os\u00f3w Hair LAB\",\"description\":\"Klinika W\u0142os\u00f3w Hair LAB oferuje kompleksowe us\u0142ugi w walce z wypadaniem w\u0142os\u00f3w i \u0142ysieniem. Zajmujemy si\u0119 m.in. uzupe\u0142nianiem w\u0142os\u00f3w, leczeniem i poradami\",\"potentialAction\":[{\"@type\":\"SearchAction\",\"target\":{\"@type\":\"EntryPoint\",\"urlTemplate\":\"https:\/\/hairlab.pl\/?s={search_term_string}\"},\"query-input\":{\"@type\":\"PropertyValueSpecification\",\"valueRequired\":true,\"valueName\":\"search_term_string\"}}],\"inLanguage\":\"en-US\"}]}<\/script>\n<!-- \/ Yoast SEO plugin. -->","yoast_head_json":{"title":"Hair replacement for kids - Klinika W\u0142os\u00f3w Hair LAB","robots":{"index":"index","follow":"follow","max-snippet":"max-snippet:-1","max-image-preview":"max-image-preview:large","max-video-preview":"max-video-preview:-1"},"canonical":"https:\/\/hairlab.pl\/en\/hair-replacement-for-kids\/","og_locale":"en_US","og_type":"article","og_title":"Hair replacement for kids - Klinika W\u0142os\u00f3w Hair LAB","og_description":"Hair LAB, Help Centre, Hair replacements for children There are many reasons why children lose hair, for example Alopecia Areata, cancer or random incidents, for instance, such as \u00a0burns. Very...","og_url":"https:\/\/hairlab.pl\/en\/hair-replacement-for-kids\/","og_site_name":"Klinika W\u0142os\u00f3w Hair LAB","article_modified_time":"2018-11-29T16:44:42+00:00","og_image":[{"url":"http:\/\/hairlab.pl\/wp-content\/uploads\/2014\/04\/peruka-dziecko.jpg","type":"","width":"","height":""}],"twitter_misc":{"Est. reading time":"1 minute"},"schema":{"@context":"https:\/\/schema.org","@graph":[{"@type":"WebPage","@id":"https:\/\/hairlab.pl\/en\/hair-replacement-for-kids\/","url":"https:\/\/hairlab.pl\/en\/hair-replacement-for-kids\/","name":"Hair replacement for kids - Klinika W\u0142os\u00f3w Hair LAB","isPartOf":{"@id":"https:\/\/hairlab.pl\/#website"},"primaryImageOfPage":{"@id":"https:\/\/hairlab.pl\/en\/hair-replacement-for-kids\/#primaryimage"},"image":{"@id":"https:\/\/hairlab.pl\/en\/hair-replacement-for-kids\/#primaryimage"},"thumbnailUrl":"http:\/\/hairlab.pl\/wp-content\/uploads\/2014\/04\/peruka-dziecko.jpg","datePublished":"2014-08-07T22:00:00+00:00","dateModified":"2018-11-29T16:44:42+00:00","inLanguage":"en-US","potentialAction":[{"@type":"ReadAction","target":["https:\/\/hairlab.pl\/en\/hair-replacement-for-kids\/"]}]},{"@type":"ImageObject","inLanguage":"en-US","@id":"https:\/\/hairlab.pl\/en\/hair-replacement-for-kids\/#primaryimage","url":"http:\/\/hairlab.pl\/wp-content\/uploads\/2014\/04\/peruka-dziecko.jpg","contentUrl":"http:\/\/hairlab.pl\/wp-content\/uploads\/2014\/04\/peruka-dziecko.jpg"},{"@type":"WebSite","@id":"https:\/\/hairlab.pl\/#website","url":"https:\/\/hairlab.pl\/","name":"Klinika W\u0142os\u00f3w Hair LAB","description":"Klinika W\u0142os\u00f3w Hair LAB oferuje kompleksowe us\u0142ugi w walce z wypadaniem w\u0142os\u00f3w i \u0142ysieniem. Zajmujemy si\u0119 m.in. uzupe\u0142nianiem w\u0142os\u00f3w, leczeniem i poradami","potentialAction":[{"@type":"SearchAction","target":{"@type":"EntryPoint","urlTemplate":"https:\/\/hairlab.pl\/?s={search_term_string}"},"query-input":{"@type":"PropertyValueSpecification","valueRequired":true,"valueName":"search_term_string"}}],"inLanguage":"en-US"}]}},"_links":{"self":[{"href":"https:\/\/hairlab.pl\/en\/wp-json\/wp\/v2\/pages\/15681","targetHints":{"allow":["GET"]}}],"collection":[{"href":"https:\/\/hairlab.pl\/en\/wp-json\/wp\/v2\/pages"}],"about":[{"href":"https:\/\/hairlab.pl\/en\/wp-json\/wp\/v2\/types\/page"}],"author":[{"embeddable":true,"href":"https:\/\/hairlab.pl\/en\/wp-json\/wp\/v2\/users\/4"}],"replies":[{"embeddable":true,"href":"https:\/\/hairlab.pl\/en\/wp-json\/wp\/v2\/comments?post=15681"}],"version-history":[{"count":0,"href":"https:\/\/hairlab.pl\/en\/wp-json\/wp\/v2\/pages\/15681\/revisions"}],"wp:attachment":[{"href":"https:\/\/hairlab.pl\/en\/wp-json\/wp\/v2\/media?parent=15681"}],"curies":[{"name":"wp","href":"https:\/\/api.w.org\/{rel}","templated":true}]}}