{"id":15677,"date":"2014-08-08T00:00:00","date_gmt":"2014-08-07T22:00:00","guid":{"rendered":"https:\/\/hairlab.pl\/?page_id=15677"},"modified":"2018-11-30T15:08:46","modified_gmt":"2018-11-30T14:08:46","slug":"elemental-hair-analysis","status":"publish","type":"page","link":"https:\/\/hairlab.pl\/en\/elemental-hair-analysis\/","title":{"rendered":"Elemental hair analysis"},"content":{"rendered":"<p>Elemental analysis of hair illustrates the number of elements stored in our body.<br \/>\nThis study can be called an organism morphology, where the test material is not blood but our hair &#8211; &#8220;documentation&#8221; of the internal condition of the body.<br \/>\nBlood is the body fluid, so in the absence of elements in the diet retrieves them from the organs. The analysis of the blood can not indicate on their accumulation in tissues. The concentration of elements in the blood may vary with emotions and time of day.<br \/>\nBioelements are incorporated into the hair structure during growth and their concentration provides information about the content in the body over time approx. 2-3 months.<br \/>\nElemental analysis of hair is noninvasive and inexpensive, it replaces several another tests. Hair samples are collected easily and painlessly and could be send by post. Hair has been selected by the World Health Organization and the Environmental Protection Agency to assess the effects of toxic metals on the body.<br \/>\nFor the analysis you need only 0.3 g of hair. Their excision does not deform hairstyle.<br \/>\nDyed hair must be at least monthly (3 cm) regrowth!<\/p>\n<p>&nbsp;<\/p>\n","protected":false},"excerpt":{"rendered":"<p>Elemental analysis of hair illustrates the number of elements stored in our body. This study can be called an organism morphology, where the test material is not blood but our&#8230;<\/p>\n","protected":false},"author":4,"featured_media":0,"parent":0,"menu_order":0,"comment_status":"closed","ping_status":"open","template":"","meta":{"_bbp_topic_count":0,"_bbp_reply_count":0,"_bbp_total_topic_count":0,"_bbp_total_reply_count":0,"_bbp_voice_count":0,"_bbp_anonymous_reply_count":0,"_bbp_topic_count_hidden":0,"_bbp_reply_count_hidden":0,"_bbp_forum_subforum_count":0,"footnotes":""},"class_list":["post-15677","page","type-page","status-publish"],"yoast_head":"<!-- This site is optimized with the Yoast SEO plugin v25.7 - https:\/\/yoast.com\/wordpress\/plugins\/seo\/ -->\n<title>Elemental hair analysis - Klinika W\u0142os\u00f3w Hair LAB<\/title>\n<meta name=\"robots\" content=\"index, follow, max-snippet:-1, max-image-preview:large, max-video-preview:-1\" \/>\n<link rel=\"canonical\" href=\"https:\/\/hairlab.pl\/en\/elemental-hair-analysis\/\" \/>\n<meta property=\"og:locale\" content=\"en_US\" \/>\n<meta property=\"og:type\" content=\"article\" \/>\n<meta property=\"og:title\" content=\"Elemental hair analysis - Klinika W\u0142os\u00f3w Hair LAB\" \/>\n<meta property=\"og:description\" content=\"Elemental analysis of hair illustrates the number of elements stored in our body. This study can be called an organism morphology, where the test material is not blood but our...\" \/>\n<meta property=\"og:url\" content=\"https:\/\/hairlab.pl\/en\/elemental-hair-analysis\/\" \/>\n<meta property=\"og:site_name\" content=\"Klinika W\u0142os\u00f3w Hair LAB\" \/>\n<meta property=\"article:modified_time\" content=\"2018-11-30T14:08:46+00:00\" \/>\n<meta name=\"twitter:label1\" content=\"Est. reading time\" \/>\n\t<meta name=\"twitter:data1\" content=\"1 minute\" \/>\n<script type=\"application\/ld+json\" class=\"yoast-schema-graph\">{\"@context\":\"https:\/\/schema.org\",\"@graph\":[{\"@type\":\"WebPage\",\"@id\":\"https:\/\/hairlab.pl\/en\/elemental-hair-analysis\/\",\"url\":\"https:\/\/hairlab.pl\/en\/elemental-hair-analysis\/\",\"name\":\"Elemental hair analysis - Klinika W\u0142os\u00f3w Hair LAB\",\"isPartOf\":{\"@id\":\"https:\/\/hairlab.pl\/#website\"},\"datePublished\":\"2014-08-07T22:00:00+00:00\",\"dateModified\":\"2018-11-30T14:08:46+00:00\",\"inLanguage\":\"en-US\",\"potentialAction\":[{\"@type\":\"ReadAction\",\"target\":[\"https:\/\/hairlab.pl\/en\/elemental-hair-analysis\/\"]}]},{\"@type\":\"WebSite\",\"@id\":\"https:\/\/hairlab.pl\/#website\",\"url\":\"https:\/\/hairlab.pl\/\",\"name\":\"Klinika W\u0142os\u00f3w Hair LAB\",\"description\":\"Klinika W\u0142os\u00f3w Hair LAB oferuje kompleksowe us\u0142ugi w walce z wypadaniem w\u0142os\u00f3w i \u0142ysieniem. Zajmujemy si\u0119 m.in. uzupe\u0142nianiem w\u0142os\u00f3w, leczeniem i poradami\",\"potentialAction\":[{\"@type\":\"SearchAction\",\"target\":{\"@type\":\"EntryPoint\",\"urlTemplate\":\"https:\/\/hairlab.pl\/?s={search_term_string}\"},\"query-input\":{\"@type\":\"PropertyValueSpecification\",\"valueRequired\":true,\"valueName\":\"search_term_string\"}}],\"inLanguage\":\"en-US\"}]}<\/script>\n<!-- \/ Yoast SEO plugin. -->","yoast_head_json":{"title":"Elemental hair analysis - Klinika W\u0142os\u00f3w Hair LAB","robots":{"index":"index","follow":"follow","max-snippet":"max-snippet:-1","max-image-preview":"max-image-preview:large","max-video-preview":"max-video-preview:-1"},"canonical":"https:\/\/hairlab.pl\/en\/elemental-hair-analysis\/","og_locale":"en_US","og_type":"article","og_title":"Elemental hair analysis - Klinika W\u0142os\u00f3w Hair LAB","og_description":"Elemental analysis of hair illustrates the number of elements stored in our body. This study can be called an organism morphology, where the test material is not blood but our...","og_url":"https:\/\/hairlab.pl\/en\/elemental-hair-analysis\/","og_site_name":"Klinika W\u0142os\u00f3w Hair LAB","article_modified_time":"2018-11-30T14:08:46+00:00","twitter_misc":{"Est. reading time":"1 minute"},"schema":{"@context":"https:\/\/schema.org","@graph":[{"@type":"WebPage","@id":"https:\/\/hairlab.pl\/en\/elemental-hair-analysis\/","url":"https:\/\/hairlab.pl\/en\/elemental-hair-analysis\/","name":"Elemental hair analysis - Klinika W\u0142os\u00f3w Hair LAB","isPartOf":{"@id":"https:\/\/hairlab.pl\/#website"},"datePublished":"2014-08-07T22:00:00+00:00","dateModified":"2018-11-30T14:08:46+00:00","inLanguage":"en-US","potentialAction":[{"@type":"ReadAction","target":["https:\/\/hairlab.pl\/en\/elemental-hair-analysis\/"]}]},{"@type":"WebSite","@id":"https:\/\/hairlab.pl\/#website","url":"https:\/\/hairlab.pl\/","name":"Klinika W\u0142os\u00f3w Hair LAB","description":"Klinika W\u0142os\u00f3w Hair LAB oferuje kompleksowe us\u0142ugi w walce z wypadaniem w\u0142os\u00f3w i \u0142ysieniem. Zajmujemy si\u0119 m.in. uzupe\u0142nianiem w\u0142os\u00f3w, leczeniem i poradami","potentialAction":[{"@type":"SearchAction","target":{"@type":"EntryPoint","urlTemplate":"https:\/\/hairlab.pl\/?s={search_term_string}"},"query-input":{"@type":"PropertyValueSpecification","valueRequired":true,"valueName":"search_term_string"}}],"inLanguage":"en-US"}]}},"_links":{"self":[{"href":"https:\/\/hairlab.pl\/en\/wp-json\/wp\/v2\/pages\/15677","targetHints":{"allow":["GET"]}}],"collection":[{"href":"https:\/\/hairlab.pl\/en\/wp-json\/wp\/v2\/pages"}],"about":[{"href":"https:\/\/hairlab.pl\/en\/wp-json\/wp\/v2\/types\/page"}],"author":[{"embeddable":true,"href":"https:\/\/hairlab.pl\/en\/wp-json\/wp\/v2\/users\/4"}],"replies":[{"embeddable":true,"href":"https:\/\/hairlab.pl\/en\/wp-json\/wp\/v2\/comments?post=15677"}],"version-history":[{"count":0,"href":"https:\/\/hairlab.pl\/en\/wp-json\/wp\/v2\/pages\/15677\/revisions"}],"wp:attachment":[{"href":"https:\/\/hairlab.pl\/en\/wp-json\/wp\/v2\/media?parent=15677"}],"curies":[{"name":"wp","href":"https:\/\/api.w.org\/{rel}","templated":true}]}}