{"id":15674,"date":"2014-08-08T00:00:00","date_gmt":"2014-08-07T22:00:00","guid":{"rendered":"https:\/\/hairlab.pl\/?page_id=15674"},"modified":"2018-11-30T15:08:38","modified_gmt":"2018-11-30T14:08:38","slug":"complex-offer-of-services","status":"publish","type":"page","link":"https:\/\/hairlab.pl\/en\/complex-offer-of-services\/","title":{"rendered":"Complex offer of services"},"content":{"rendered":"<p>At the Hair Clinic Hair-LAB we ensure complex and professional services connected with the entire procedure to regain beautiful hair, including:<\/p>\n<ul>\n<li>Trichological testing of the hair<\/li>\n<li>Trichological treatment<\/li>\n<li>Laser therapy<\/li>\n<li>Expert advice on the topics of appropriate methods for volumizing, lengthening, integrating and substituting hair to create a full head of hair<\/li>\n<li>Individual consultations, during which you will learn in detail about which hair replacement method is appropriate for you in the context of your individual case, expectations and likings<\/li>\n<li>Design and projection of your new replacement hair, satisfying the necessary requirements: (such as volume, color, direction of integration, bend, etc.)<\/li>\n<li>Adaptation of the hair implant to the skin or to the existing hair, which is done on location at the clinic.<\/li>\n<li>Styling and combing of the hairstyle by the hairstylist according to your wishes and likings.<\/li>\n<li>Sale of hairstyling cosmetics and necessary accessories for replacement hair.<\/li>\n<li>Hairstyling procedure (systematic cutting, styling, dyeing, cleaning, treatment) which are performed only for our clients, which ensure complete intimacy and comfort.<\/li>\n<li>Support service for the client \u2013 we provide answers for arising questions, doubts or possible problems \u2013 equally by telephone or by email.<\/li>\n<\/ul>\n<p>Our hair replacement methods can be applied to almost all hair loss problems, in the cases of complete or partial hair loss, equally for women and men. We offer a solution to hair loss caused by conditions such as: androgenic hair loss, hormonal disorders, immunological disorders (alopecia areata), chemotherapy, irradiation, burns, or in cases of hair thinning, sparse hair and unattractive hair.<\/p>\n<p>For partial hair replacement, volumizing and lengthening hair are options which may be selected by all those who want to improve their appearance, want to look younger, more attractive and sexier. We use the newest non-surgical solutions for hair replacement cooperating with similar hair replacement clinics in the United States as well as in Western Europe. We provide methods of volumizing, lengthening, integrating and substituting guaranteeing a full head of hair. These methods do not only ensure comfort, but most importantly naturalness of the hair.<\/p>\n<p>All of our methods are safe for the skin. They are completely non-invasive, do not disturb connective tissue, do not cause numbness, irritation or any other side effects. Our hair replacement techniques are performed using natural hair (European, Slavic) or Asian (however very rarely, because they do not fulfill a fundamental requirement connected to the naturalness of the hair style).<\/p>\n<p>New hair styles are designed very precisely and conducted in a way to completely harmonize with your own hair. Selected alike are color, volume, length and the direction of the hair. Each new hair system is executed by hand.<\/p>\n<p>The hair is integrated into a specially designed, very thin, net-like base, with different structures depending on the selected model. The base breathes, allows air flow, is resistant to the effects of water, sweat, seborrhea and does not inhibit the growing hair. The color of the base is adapted to match the color of your skin. Into that very thin base, hair is integrated using a special technique in order to achieve the proper effect, \u201chair growth from the scalp\u201d.<\/p>\n<p>New hair implants \u2013 depending on the selected method \u2013 we apply in a permanent manner with the use of glues, hypoallergenic tapes and depending on needs \u2013 with clips. Ever-growing interest surrounds the \u201cbonding\u201d method, which has the advantage of long-lasting integration with the scalp for approximately 3-5 weeks depending on skin type. The resulting effect is completely stress-free possession of new hair in different situations without the need of taking it off.<\/p>\n<p>The new hair is comfortable and unobtrusive to wear, easy to care for and long-lasting. You can sleep in it, wash in it, freely comb it and style it. And what is most important \u2013 in your new hair you can feel comfortable and safe in all situations \u2013 while sleeping, exercising, swimming, during physical activity, strong wind.<\/p>\n<p>&nbsp;<\/p>\n","protected":false},"excerpt":{"rendered":"<p>At the Hair Clinic Hair-LAB we ensure complex and professional services connected with the entire procedure to regain beautiful hair, including: Trichological testing of the hair Trichological treatment Laser therapy&#8230;<\/p>\n","protected":false},"author":4,"featured_media":0,"parent":0,"menu_order":0,"comment_status":"closed","ping_status":"open","template":"","meta":{"_bbp_topic_count":0,"_bbp_reply_count":0,"_bbp_total_topic_count":0,"_bbp_total_reply_count":0,"_bbp_voice_count":0,"_bbp_anonymous_reply_count":0,"_bbp_topic_count_hidden":0,"_bbp_reply_count_hidden":0,"_bbp_forum_subforum_count":0,"footnotes":""},"class_list":["post-15674","page","type-page","status-publish"],"yoast_head":"<!-- This site is optimized with the Yoast SEO plugin v25.7 - https:\/\/yoast.com\/wordpress\/plugins\/seo\/ -->\n<title>Complex offer of services - Klinika W\u0142os\u00f3w Hair LAB<\/title>\n<meta name=\"robots\" content=\"index, follow, max-snippet:-1, max-image-preview:large, max-video-preview:-1\" \/>\n<link rel=\"canonical\" href=\"https:\/\/hairlab.pl\/en\/complex-offer-of-services\/\" \/>\n<meta property=\"og:locale\" content=\"en_US\" \/>\n<meta property=\"og:type\" content=\"article\" \/>\n<meta property=\"og:title\" content=\"Complex offer of services - Klinika W\u0142os\u00f3w Hair LAB\" \/>\n<meta property=\"og:description\" content=\"At the Hair Clinic Hair-LAB we ensure complex and professional services connected with the entire procedure to regain beautiful hair, including: Trichological testing of the hair Trichological treatment Laser therapy...\" \/>\n<meta property=\"og:url\" content=\"https:\/\/hairlab.pl\/en\/complex-offer-of-services\/\" \/>\n<meta property=\"og:site_name\" content=\"Klinika W\u0142os\u00f3w Hair LAB\" \/>\n<meta property=\"article:modified_time\" content=\"2018-11-30T14:08:38+00:00\" \/>\n<meta name=\"twitter:label1\" content=\"Est. reading time\" \/>\n\t<meta name=\"twitter:data1\" content=\"3 minutes\" \/>\n<script type=\"application\/ld+json\" class=\"yoast-schema-graph\">{\"@context\":\"https:\/\/schema.org\",\"@graph\":[{\"@type\":\"WebPage\",\"@id\":\"https:\/\/hairlab.pl\/en\/complex-offer-of-services\/\",\"url\":\"https:\/\/hairlab.pl\/en\/complex-offer-of-services\/\",\"name\":\"Complex offer of services - Klinika W\u0142os\u00f3w Hair LAB\",\"isPartOf\":{\"@id\":\"https:\/\/hairlab.pl\/#website\"},\"datePublished\":\"2014-08-07T22:00:00+00:00\",\"dateModified\":\"2018-11-30T14:08:38+00:00\",\"inLanguage\":\"en-US\",\"potentialAction\":[{\"@type\":\"ReadAction\",\"target\":[\"https:\/\/hairlab.pl\/en\/complex-offer-of-services\/\"]}]},{\"@type\":\"WebSite\",\"@id\":\"https:\/\/hairlab.pl\/#website\",\"url\":\"https:\/\/hairlab.pl\/\",\"name\":\"Klinika W\u0142os\u00f3w Hair LAB\",\"description\":\"Klinika W\u0142os\u00f3w Hair LAB oferuje kompleksowe us\u0142ugi w walce z wypadaniem w\u0142os\u00f3w i \u0142ysieniem. Zajmujemy si\u0119 m.in. uzupe\u0142nianiem w\u0142os\u00f3w, leczeniem i poradami\",\"potentialAction\":[{\"@type\":\"SearchAction\",\"target\":{\"@type\":\"EntryPoint\",\"urlTemplate\":\"https:\/\/hairlab.pl\/?s={search_term_string}\"},\"query-input\":{\"@type\":\"PropertyValueSpecification\",\"valueRequired\":true,\"valueName\":\"search_term_string\"}}],\"inLanguage\":\"en-US\"}]}<\/script>\n<!-- \/ Yoast SEO plugin. -->","yoast_head_json":{"title":"Complex offer of services - Klinika W\u0142os\u00f3w Hair LAB","robots":{"index":"index","follow":"follow","max-snippet":"max-snippet:-1","max-image-preview":"max-image-preview:large","max-video-preview":"max-video-preview:-1"},"canonical":"https:\/\/hairlab.pl\/en\/complex-offer-of-services\/","og_locale":"en_US","og_type":"article","og_title":"Complex offer of services - Klinika W\u0142os\u00f3w Hair LAB","og_description":"At the Hair Clinic Hair-LAB we ensure complex and professional services connected with the entire procedure to regain beautiful hair, including: Trichological testing of the hair Trichological treatment Laser therapy...","og_url":"https:\/\/hairlab.pl\/en\/complex-offer-of-services\/","og_site_name":"Klinika W\u0142os\u00f3w Hair LAB","article_modified_time":"2018-11-30T14:08:38+00:00","twitter_misc":{"Est. reading time":"3 minutes"},"schema":{"@context":"https:\/\/schema.org","@graph":[{"@type":"WebPage","@id":"https:\/\/hairlab.pl\/en\/complex-offer-of-services\/","url":"https:\/\/hairlab.pl\/en\/complex-offer-of-services\/","name":"Complex offer of services - Klinika W\u0142os\u00f3w Hair LAB","isPartOf":{"@id":"https:\/\/hairlab.pl\/#website"},"datePublished":"2014-08-07T22:00:00+00:00","dateModified":"2018-11-30T14:08:38+00:00","inLanguage":"en-US","potentialAction":[{"@type":"ReadAction","target":["https:\/\/hairlab.pl\/en\/complex-offer-of-services\/"]}]},{"@type":"WebSite","@id":"https:\/\/hairlab.pl\/#website","url":"https:\/\/hairlab.pl\/","name":"Klinika W\u0142os\u00f3w Hair LAB","description":"Klinika W\u0142os\u00f3w Hair LAB oferuje kompleksowe us\u0142ugi w walce z wypadaniem w\u0142os\u00f3w i \u0142ysieniem. Zajmujemy si\u0119 m.in. uzupe\u0142nianiem w\u0142os\u00f3w, leczeniem i poradami","potentialAction":[{"@type":"SearchAction","target":{"@type":"EntryPoint","urlTemplate":"https:\/\/hairlab.pl\/?s={search_term_string}"},"query-input":{"@type":"PropertyValueSpecification","valueRequired":true,"valueName":"search_term_string"}}],"inLanguage":"en-US"}]}},"_links":{"self":[{"href":"https:\/\/hairlab.pl\/en\/wp-json\/wp\/v2\/pages\/15674","targetHints":{"allow":["GET"]}}],"collection":[{"href":"https:\/\/hairlab.pl\/en\/wp-json\/wp\/v2\/pages"}],"about":[{"href":"https:\/\/hairlab.pl\/en\/wp-json\/wp\/v2\/types\/page"}],"author":[{"embeddable":true,"href":"https:\/\/hairlab.pl\/en\/wp-json\/wp\/v2\/users\/4"}],"replies":[{"embeddable":true,"href":"https:\/\/hairlab.pl\/en\/wp-json\/wp\/v2\/comments?post=15674"}],"version-history":[{"count":0,"href":"https:\/\/hairlab.pl\/en\/wp-json\/wp\/v2\/pages\/15674\/revisions"}],"wp:attachment":[{"href":"https:\/\/hairlab.pl\/en\/wp-json\/wp\/v2\/media?parent=15674"}],"curies":[{"name":"wp","href":"https:\/\/api.w.org\/{rel}","templated":true}]}}